{"id":1396,"date":"2025-07-10T15:07:33","date_gmt":"2025-07-10T13:07:33","guid":{"rendered":"https:\/\/zspastviny.cz\/web\/?page_id=1396"},"modified":"2025-07-10T15:21:34","modified_gmt":"2025-07-10T13:21:34","slug":"ucitele-na-1-stupni","status":"publish","type":"page","link":"https:\/\/zspastviny.cz\/web\/ucitele-na-1-stupni\/","title":{"rendered":"U\u010ditel\u00e9 na 1. stupni"},"content":{"rendered":"\t\t<div data-elementor-type=\"wp-page\" data-elementor-id=\"1396\" class=\"elementor elementor-1396\">\n\t\t\t\t<div class=\"elementor-element elementor-element-642c5e64 e-flex e-con-boxed e-con e-parent\" data-id=\"642c5e64\" data-element_type=\"container\" data-settings=\"{&quot;background_background&quot;:&quot;classic&quot;}\">\n\t\t\t\t\t<div class=\"e-con-inner\">\n\t\t<div class=\"elementor-element elementor-element-43fd46fe e-con-full e-flex e-con e-child\" data-id=\"43fd46fe\" data-element_type=\"container\">\n\t\t\t\t<div class=\"elementor-element elementor-element-2236a0e7 elementor-widget elementor-widget-heading\" data-id=\"2236a0e7\" data-element_type=\"widget\" data-widget_type=\"heading.default\">\n\t\t\t\t\t<h1 class=\"elementor-heading-title elementor-size-default\">U\u010ditel\u00e9 na 1. stupni<\/h1>\t\t\t\t<\/div>\n\t\t\t\t<\/div>\n\t\t\t\t\t<\/div>\n\t\t\t\t<\/div>\n\t\t<div class=\"elementor-element elementor-element-3eab4db5 e-flex e-con-boxed e-con e-parent\" data-id=\"3eab4db5\" data-element_type=\"container\">\n\t\t\t\t\t<div class=\"e-con-inner\">\n\t\t<div class=\"elementor-element elementor-element-7b5c62f2 e-con-full e-flex e-con e-child\" data-id=\"7b5c62f2\" data-element_type=\"container\">\n\t\t\t\t<div class=\"elementor-element elementor-element-1371ede8 elementor-align-center elementor-widget elementor-widget-button\" data-id=\"1371ede8\" data-element_type=\"widget\" data-widget_type=\"button.default\">\n\t\t\t\t\t\t\t\t\t\t<a class=\"elementor-button elementor-button-link elementor-size-sm\" href=\"https:\/\/zspastviny.cz\/web\/vedeni-skoly\/\">\n\t\t\t\t\t\t<span class=\"elementor-button-content-wrapper\">\n\t\t\t\t\t\t\t\t\t<span class=\"elementor-button-text\">Veden\u00ed \u0161koly<\/span>\n\t\t\t\t\t<\/span>\n\t\t\t\t\t<\/a>\n\t\t\t\t\t\t\t\t<\/div>\n\t\t\t\t<\/div>\n\t\t<div class=\"elementor-element elementor-element-2b85e744 e-con-full e-flex e-con e-child\" data-id=\"2b85e744\" data-element_type=\"container\">\n\t\t\t\t<div class=\"elementor-element elementor-element-5c54bab2 elementor-align-center elementor-widget elementor-widget-button\" data-id=\"5c54bab2\" data-element_type=\"widget\" data-widget_type=\"button.default\">\n\t\t\t\t\t\t\t\t\t\t<a class=\"elementor-button elementor-button-link elementor-size-sm\" href=\"https:\/\/zspastviny.cz\/web\/ucitele-na-1-stupni\/\">\n\t\t\t\t\t\t<span class=\"elementor-button-content-wrapper\">\n\t\t\t\t\t\t\t\t\t<span class=\"elementor-button-text\">U\u010ditel\u00e9 na 1. stupni<\/span>\n\t\t\t\t\t<\/span>\n\t\t\t\t\t<\/a>\n\t\t\t\t\t\t\t\t<\/div>\n\t\t\t\t<\/div>\n\t\t<div class=\"elementor-element elementor-element-26b36cff e-con-full e-flex e-con e-child\" data-id=\"26b36cff\" data-element_type=\"container\">\n\t\t\t\t<div class=\"elementor-element elementor-element-580895f0 elementor-align-center elementor-widget elementor-widget-button\" data-id=\"580895f0\" data-element_type=\"widget\" data-widget_type=\"button.default\">\n\t\t\t\t\t\t\t\t\t\t<a class=\"elementor-button elementor-button-link elementor-size-sm\" href=\"https:\/\/zspastviny.cz\/web\/elementor-stranka-1404\/\">\n\t\t\t\t\t\t<span class=\"elementor-button-content-wrapper\">\n\t\t\t\t\t\t\t\t\t<span class=\"elementor-button-text\">U\u010ditel\u00e9 na 2. stupni<\/span>\n\t\t\t\t\t<\/span>\n\t\t\t\t\t<\/a>\n\t\t\t\t\t\t\t\t<\/div>\n\t\t\t\t<\/div>\n\t\t<div class=\"elementor-element elementor-element-b10ca0 e-con-full e-flex e-con e-child\" data-id=\"b10ca0\" data-element_type=\"container\">\n\t\t\t\t<div class=\"elementor-element elementor-element-240e4e66 elementor-align-center elementor-widget elementor-widget-button\" data-id=\"240e4e66\" data-element_type=\"widget\" data-widget_type=\"button.default\">\n\t\t\t\t\t\t\t\t\t\t<a class=\"elementor-button elementor-button-link elementor-size-sm\" href=\"#\">\n\t\t\t\t\t\t<span class=\"elementor-button-content-wrapper\">\n\t\t\t\t\t\t\t\t\t<span class=\"elementor-button-text\">Asistenti<\/span>\n\t\t\t\t\t<\/span>\n\t\t\t\t\t<\/a>\n\t\t\t\t\t\t\t\t<\/div>\n\t\t\t\t<\/div>\n\t\t\t\t\t<\/div>\n\t\t\t\t<\/div>\n\t\t\t\t<\/div>\n\t\t","protected":false},"excerpt":{"rendered":"<p>U\u010ditel\u00e9 na 1. stupni Veden\u00ed \u0161koly U\u010ditel\u00e9 na 1. stupni U\u010ditel\u00e9 na 2. stupni Asistenti<\/p>\n","protected":false},"author":1,"featured_media":0,"parent":0,"menu_order":0,"comment_status":"closed","ping_status":"closed","template":"","meta":{"site-sidebar-layout":"no-sidebar","site-content-layout":"page-builder","ast-site-content-layout":"full-width-container","site-content-style":"default","site-sidebar-style":"default","ast-global-header-display":"","ast-banner-title-visibility":"","ast-main-header-display":"","ast-hfb-above-header-display":"","ast-hfb-below-header-display":"","ast-hfb-mobile-header-display":"","site-post-title":"disabled","ast-breadcrumbs-content":"","ast-featured-img":"disabled","footer-sml-layout":"","theme-transparent-header-meta":"","adv-header-id-meta":"","stick-header-meta":"","header-above-stick-meta":"","header-main-stick-meta":"","header-below-stick-meta":"","astra-migrate-meta-layouts":"default","ast-page-background-enabled":"default","ast-page-background-meta":{"desktop":{"background-color":"","background-image":"","background-repeat":"repeat","background-position":"center center","background-size":"auto","background-attachment":"scroll","background-type":"","background-media":"","overlay-type":"","overlay-color":"","overlay-opacity":"","overlay-gradient":""},"tablet":{"background-color":"","background-image":"","background-repeat":"repeat","background-position":"center center","background-size":"auto","background-attachment":"scroll","background-type":"","background-media":"","overlay-type":"","overlay-color":"","overlay-opacity":"","overlay-gradient":""},"mobile":{"background-color":"","background-image":"","background-repeat":"repeat","background-position":"center center","background-size":"auto","background-attachment":"scroll","background-type":"","background-media":"","overlay-type":"","overlay-color":"","overlay-opacity":"","overlay-gradient":""}},"ast-content-background-meta":{"desktop":{"background-color":"var(--ast-global-color-5)","background-image":"","background-repeat":"repeat","background-position":"center center","background-size":"auto","background-attachment":"scroll","background-type":"","background-media":"","overlay-type":"","overlay-color":"","overlay-opacity":"","overlay-gradient":""},"tablet":{"background-color":"var(--ast-global-color-5)","background-image":"","background-repeat":"repeat","background-position":"center center","background-size":"auto","background-attachment":"scroll","background-type":"","background-media":"","overlay-type":"","overlay-color":"","overlay-opacity":"","overlay-gradient":""},"mobile":{"background-color":"var(--ast-global-color-5)","background-image":"","background-repeat":"repeat","background-position":"center center","background-size":"auto","background-attachment":"scroll","background-type":"","background-media":"","overlay-type":"","overlay-color":"","overlay-opacity":"","overlay-gradient":""}},"footnotes":""},"class_list":["post-1396","page","type-page","status-publish","hentry"],"_links":{"self":[{"href":"https:\/\/zspastviny.cz\/web\/wp-json\/wp\/v2\/pages\/1396","targetHints":{"allow":["GET"]}}],"collection":[{"href":"https:\/\/zspastviny.cz\/web\/wp-json\/wp\/v2\/pages"}],"about":[{"href":"https:\/\/zspastviny.cz\/web\/wp-json\/wp\/v2\/types\/page"}],"author":[{"embeddable":true,"href":"https:\/\/zspastviny.cz\/web\/wp-json\/wp\/v2\/users\/1"}],"replies":[{"embeddable":true,"href":"https:\/\/zspastviny.cz\/web\/wp-json\/wp\/v2\/comments?post=1396"}],"version-history":[{"count":10,"href":"https:\/\/zspastviny.cz\/web\/wp-json\/wp\/v2\/pages\/1396\/revisions"}],"predecessor-version":[{"id":1438,"href":"https:\/\/zspastviny.cz\/web\/wp-json\/wp\/v2\/pages\/1396\/revisions\/1438"}],"wp:attachment":[{"href":"https:\/\/zspastviny.cz\/web\/wp-json\/wp\/v2\/media?parent=1396"}],"curies":[{"name":"wp","href":"https:\/\/api.w.org\/{rel}","templated":true}]}}