{"id":1566,"date":"2025-07-12T12:52:11","date_gmt":"2025-07-12T10:52:11","guid":{"rendered":"https:\/\/zspastviny.cz\/web\/?page_id=1566"},"modified":"2025-07-12T13:34:05","modified_gmt":"2025-07-12T11:34:05","slug":"aplikace-k-prihlaseni","status":"publish","type":"page","link":"https:\/\/zspastviny.cz\/web\/aplikace-k-prihlaseni\/","title":{"rendered":"Aplikace k p\u0159ihl\u00e1\u0161en\u00ed"},"content":{"rendered":"\t\t<div data-elementor-type=\"wp-page\" data-elementor-id=\"1566\" class=\"elementor elementor-1566\">\n\t\t\t\t<div class=\"elementor-element elementor-element-76e5e122 e-flex e-con-boxed e-con e-parent\" data-id=\"76e5e122\" data-element_type=\"container\" data-settings=\"{&quot;background_background&quot;:&quot;classic&quot;}\">\n\t\t\t\t\t<div class=\"e-con-inner\">\n\t\t<div class=\"elementor-element elementor-element-5401b286 e-con-full e-flex e-con e-child\" data-id=\"5401b286\" data-element_type=\"container\">\n\t\t\t\t<div class=\"elementor-element elementor-element-2ed21936 elementor-widget elementor-widget-heading\" data-id=\"2ed21936\" data-element_type=\"widget\" data-widget_type=\"heading.default\">\n\t\t\t\t\t<h1 class=\"elementor-heading-title elementor-size-default\">Aplikace k p\u0159ihl\u00e1\u0161en\u00ed<\/h1>\t\t\t\t<\/div>\n\t\t\t\t<\/div>\n\t\t\t\t\t<\/div>\n\t\t\t\t<\/div>\n\t\t<div class=\"elementor-element elementor-element-bf6ef89 e-flex e-con-boxed e-con e-parent\" data-id=\"bf6ef89\" data-element_type=\"container\">\n\t\t\t\t\t<div class=\"e-con-inner\">\n\t\t<div class=\"elementor-element elementor-element-3123b93 e-con-full e-flex e-con e-child\" data-id=\"3123b93\" data-element_type=\"container\">\n\t\t\t\t<div class=\"elementor-element elementor-element-e9d293c elementor-widget elementor-widget-image\" data-id=\"e9d293c\" data-element_type=\"widget\" data-widget_type=\"image.default\">\n\t\t\t\t\t\t\t\t\t\t\t\t<figure class=\"wp-caption\">\n\t\t\t\t\t\t\t\t\t\t\t<a href=\"https:\/\/zspastviny.edookit.net\/\" target=\"_blank\">\n\t\t\t\t\t\t\t<img decoding=\"async\" width=\"150\" height=\"150\" src=\"https:\/\/zspastviny.cz\/web\/wp-content\/uploads\/2025\/07\/edookit-zak-150x150.png\" class=\"attachment-thumbnail size-thumbnail wp-image-1584\" alt=\"\" \/>\t\t\t\t\t\t\t\t<\/a>\n\t\t\t\t\t\t\t\t\t\t\t<figcaption class=\"widget-image-caption wp-caption-text\">Edookit - \u017e\u00e1k, rodi\u010d<\/figcaption>\n\t\t\t\t\t\t\t\t\t\t<\/figure>\n\t\t\t\t\t\t\t\t\t<\/div>\n\t\t\t\t<\/div>\n\t\t<div class=\"elementor-element elementor-element-3875236 e-con-full e-flex e-con e-child\" data-id=\"3875236\" data-element_type=\"container\">\n\t\t\t\t<div class=\"elementor-element elementor-element-c4ad2f9 elementor-widget elementor-widget-image\" data-id=\"c4ad2f9\" data-element_type=\"widget\" data-widget_type=\"image.default\">\n\t\t\t\t\t\t\t\t\t\t\t\t<figure class=\"wp-caption\">\n\t\t\t\t\t\t\t\t\t\t\t<a href=\"https:\/\/m365.cloud.microsoft\/apps\/?from=PortalHome\" target=\"_blank\">\n\t\t\t\t\t\t\t<img decoding=\"async\" width=\"150\" height=\"150\" src=\"https:\/\/zspastviny.cz\/web\/wp-content\/uploads\/2025\/07\/M365Clogo-150x150.webp\" class=\"attachment-thumbnail size-thumbnail wp-image-1586\" alt=\"\" srcset=\"https:\/\/zspastviny.cz\/web\/wp-content\/uploads\/2025\/07\/M365Clogo-150x150.webp 150w, https:\/\/zspastviny.cz\/web\/wp-content\/uploads\/2025\/07\/M365Clogo.webp 256w\" sizes=\"(max-width: 150px) 100vw, 150px\" \/>\t\t\t\t\t\t\t\t<\/a>\n\t\t\t\t\t\t\t\t\t\t\t<figcaption class=\"widget-image-caption wp-caption-text\">Microsoft 365<\/figcaption>\n\t\t\t\t\t\t\t\t\t\t<\/figure>\n\t\t\t\t\t\t\t\t\t<\/div>\n\t\t\t\t<\/div>\n\t\t<div class=\"elementor-element elementor-element-16a01c3 e-con-full e-flex e-con e-child\" data-id=\"16a01c3\" data-element_type=\"container\">\n\t\t\t\t<div class=\"elementor-element elementor-element-b605994 elementor-widget elementor-widget-image\" data-id=\"b605994\" data-element_type=\"widget\" data-widget_type=\"image.default\">\n\t\t\t\t\t\t\t\t\t\t\t\t<figure class=\"wp-caption\">\n\t\t\t\t\t\t\t\t\t\t\t<a href=\"https:\/\/outlook.office.com\/mail\" target=\"_blank\">\n\t\t\t\t\t\t\t<img decoding=\"async\" src=\"https:\/\/zspastviny.cz\/web\/wp-content\/uploads\/elementor\/thumbs\/Microsoft_Outlook_new_logo.svg-1-r8nbzjb9aczo19ad1i2av5vlqug7m9uswxi1mba4f0.png\" title=\"Microsoft_Outlook_new_logo.svg\" alt=\"Microsoft_Outlook_new_logo.svg\" loading=\"lazy\" \/>\t\t\t\t\t\t\t\t<\/a>\n\t\t\t\t\t\t\t\t\t\t\t<figcaption class=\"widget-image-caption wp-caption-text\">\u0160koln\u00ed mail<\/figcaption>\n\t\t\t\t\t\t\t\t\t\t<\/figure>\n\t\t\t\t\t\t\t\t\t<\/div>\n\t\t\t\t<\/div>\n\t\t<div class=\"elementor-element elementor-element-f21303b e-con-full e-flex e-con e-child\" data-id=\"f21303b\" data-element_type=\"container\">\n\t\t\t\t<div class=\"elementor-element elementor-element-ae9daad elementor-widget elementor-widget-image\" data-id=\"ae9daad\" data-element_type=\"widget\" data-widget_type=\"image.default\">\n\t\t\t\t\t\t\t\t\t\t\t\t<figure class=\"wp-caption\">\n\t\t\t\t\t\t\t\t\t\t\t<a href=\"https:\/\/zspastviny-login.edookit.net\/\" target=\"_blank\">\n\t\t\t\t\t\t\t<img decoding=\"async\" width=\"150\" height=\"150\" src=\"https:\/\/zspastviny.cz\/web\/wp-content\/uploads\/2025\/07\/edookit-zak-150x150.png\" class=\"attachment-thumbnail size-thumbnail wp-image-1584\" alt=\"\" \/>\t\t\t\t\t\t\t\t<\/a>\n\t\t\t\t\t\t\t\t\t\t\t<figcaption class=\"widget-image-caption wp-caption-text\">Edookit - u\u010ditel<\/figcaption>\n\t\t\t\t\t\t\t\t\t\t<\/figure>\n\t\t\t\t\t\t\t\t\t<\/div>\n\t\t\t\t<\/div>\n\t\t<div class=\"elementor-element elementor-element-e6535c0 e-con-full e-flex e-con e-child\" data-id=\"e6535c0\" data-element_type=\"container\">\n\t\t\t\t<div class=\"elementor-element elementor-element-58a3298 elementor-widget elementor-widget-image\" data-id=\"58a3298\" data-element_type=\"widget\" data-widget_type=\"image.default\">\n\t\t\t\t\t\t\t\t\t\t\t\t<figure class=\"wp-caption\">\n\t\t\t\t\t\t\t\t\t\t\t<a href=\"https:\/\/teams.microsoft.com\/v2\/\">\n\t\t\t\t\t\t\t<img decoding=\"async\" width=\"150\" height=\"150\" src=\"https:\/\/zspastviny.cz\/web\/wp-content\/uploads\/2025\/07\/Microsoft_Teams-Logo.wine-Square-150x150.png\" class=\"attachment-thumbnail size-thumbnail wp-image-1621\" alt=\"\" srcset=\"https:\/\/zspastviny.cz\/web\/wp-content\/uploads\/2025\/07\/Microsoft_Teams-Logo.wine-Square-150x150.png 150w, https:\/\/zspastviny.cz\/web\/wp-content\/uploads\/2025\/07\/Microsoft_Teams-Logo.wine-Square-300x300.png 300w, https:\/\/zspastviny.cz\/web\/wp-content\/uploads\/2025\/07\/Microsoft_Teams-Logo.wine-Square.png 480w\" sizes=\"(max-width: 150px) 100vw, 150px\" \/>\t\t\t\t\t\t\t\t<\/a>\n\t\t\t\t\t\t\t\t\t\t\t<figcaption class=\"widget-image-caption wp-caption-text\">Microsoft Teams<\/figcaption>\n\t\t\t\t\t\t\t\t\t\t<\/figure>\n\t\t\t\t\t\t\t\t\t<\/div>\n\t\t\t\t<\/div>\n\t\t<div class=\"elementor-element elementor-element-897c4d3 e-con-full e-flex e-con e-child\" data-id=\"897c4d3\" data-element_type=\"container\">\n\t\t\t\t<div class=\"elementor-element elementor-element-8d366db elementor-widget elementor-widget-image\" data-id=\"8d366db\" data-element_type=\"widget\" data-widget_type=\"image.default\">\n\t\t\t\t\t\t\t\t\t\t\t\t<figure class=\"wp-caption\">\n\t\t\t\t\t\t\t\t\t\t\t<a href=\"https:\/\/strav.nasejidelna.cz\/0334\/login\" target=\"_blank\">\n\t\t\t\t\t\t\t<img loading=\"lazy\" decoding=\"async\" width=\"300\" height=\"154\" src=\"https:\/\/zspastviny.cz\/web\/wp-content\/uploads\/2025\/07\/icanteen-300x154.jpeg\" class=\"attachment-medium size-medium wp-image-1625\" alt=\"\" srcset=\"https:\/\/zspastviny.cz\/web\/wp-content\/uploads\/2025\/07\/icanteen-300x154.jpeg 300w, https:\/\/zspastviny.cz\/web\/wp-content\/uploads\/2025\/07\/icanteen.jpeg 313w\" sizes=\"(max-width: 300px) 100vw, 300px\" \/>\t\t\t\t\t\t\t\t<\/a>\n\t\t\t\t\t\t\t\t\t\t\t<figcaption class=\"widget-image-caption wp-caption-text\">Objedn\u00e1vky ob\u011bd\u016f<\/figcaption>\n\t\t\t\t\t\t\t\t\t\t<\/figure>\n\t\t\t\t\t\t\t\t\t<\/div>\n\t\t\t\t<\/div>\n\t\t\t\t\t<\/div>\n\t\t\t\t<\/div>\n\t\t\t\t<\/div>\n\t\t","protected":false},"excerpt":{"rendered":"<p>Aplikace k p\u0159ihl\u00e1\u0161en\u00ed Edookit &#8211; \u017e\u00e1k, rodi\u010d Microsoft 365 \u0160koln\u00ed mail Edookit &#8211; u\u010ditel Microsoft Teams Objedn\u00e1vky ob\u011bd\u016f<\/p>\n","protected":false},"author":1,"featured_media":0,"parent":0,"menu_order":0,"comment_status":"closed","ping_status":"closed","template":"","meta":{"site-sidebar-layout":"no-sidebar","site-content-layout":"page-builder","ast-site-content-layout":"full-width-container","site-content-style":"default","site-sidebar-style":"default","ast-global-header-display":"","ast-banner-title-visibility":"","ast-main-header-display":"","ast-hfb-above-header-display":"","ast-hfb-below-header-display":"","ast-hfb-mobile-header-display":"","site-post-title":"disabled","ast-breadcrumbs-content":"","ast-featured-img":"disabled","footer-sml-layout":"","theme-transparent-header-meta":"","adv-header-id-meta":"","stick-header-meta":"","header-above-stick-meta":"","header-main-stick-meta":"","header-below-stick-meta":"","astra-migrate-meta-layouts":"default","ast-page-background-enabled":"default","ast-page-background-meta":{"desktop":{"background-color":"","background-image":"","background-repeat":"repeat","background-position":"center center","background-size":"auto","background-attachment":"scroll","background-type":"","background-media":"","overlay-type":"","overlay-color":"","overlay-opacity":"","overlay-gradient":""},"tablet":{"background-color":"","background-image":"","background-repeat":"repeat","background-position":"center center","background-size":"auto","background-attachment":"scroll","background-type":"","background-media":"","overlay-type":"","overlay-color":"","overlay-opacity":"","overlay-gradient":""},"mobile":{"background-color":"","background-image":"","background-repeat":"repeat","background-position":"center center","background-size":"auto","background-attachment":"scroll","background-type":"","background-media":"","overlay-type":"","overlay-color":"","overlay-opacity":"","overlay-gradient":""}},"ast-content-background-meta":{"desktop":{"background-color":"var(--ast-global-color-5)","background-image":"","background-repeat":"repeat","background-position":"center center","background-size":"auto","background-attachment":"scroll","background-type":"","background-media":"","overlay-type":"","overlay-color":"","overlay-opacity":"","overlay-gradient":""},"tablet":{"background-color":"var(--ast-global-color-5)","background-image":"","background-repeat":"repeat","background-position":"center center","background-size":"auto","background-attachment":"scroll","background-type":"","background-media":"","overlay-type":"","overlay-color":"","overlay-opacity":"","overlay-gradient":""},"mobile":{"background-color":"var(--ast-global-color-5)","background-image":"","background-repeat":"repeat","background-position":"center center","background-size":"auto","background-attachment":"scroll","background-type":"","background-media":"","overlay-type":"","overlay-color":"","overlay-opacity":"","overlay-gradient":""}},"footnotes":""},"class_list":["post-1566","page","type-page","status-publish","hentry"],"_links":{"self":[{"href":"https:\/\/zspastviny.cz\/web\/wp-json\/wp\/v2\/pages\/1566","targetHints":{"allow":["GET"]}}],"collection":[{"href":"https:\/\/zspastviny.cz\/web\/wp-json\/wp\/v2\/pages"}],"about":[{"href":"https:\/\/zspastviny.cz\/web\/wp-json\/wp\/v2\/types\/page"}],"author":[{"embeddable":true,"href":"https:\/\/zspastviny.cz\/web\/wp-json\/wp\/v2\/users\/1"}],"replies":[{"embeddable":true,"href":"https:\/\/zspastviny.cz\/web\/wp-json\/wp\/v2\/comments?post=1566"}],"version-history":[{"count":43,"href":"https:\/\/zspastviny.cz\/web\/wp-json\/wp\/v2\/pages\/1566\/revisions"}],"predecessor-version":[{"id":1628,"href":"https:\/\/zspastviny.cz\/web\/wp-json\/wp\/v2\/pages\/1566\/revisions\/1628"}],"wp:attachment":[{"href":"https:\/\/zspastviny.cz\/web\/wp-json\/wp\/v2\/media?parent=1566"}],"curies":[{"name":"wp","href":"https:\/\/api.w.org\/{rel}","templated":true}]}}