{"id":30,"date":"2025-06-30T22:54:22","date_gmt":"2025-06-30T20:54:22","guid":{"rendered":"https:\/\/zspastviny.cz\/web\/home\/"},"modified":"2025-07-12T12:52:16","modified_gmt":"2025-07-12T10:52:16","slug":"home","status":"publish","type":"page","link":"https:\/\/zspastviny.cz\/web\/","title":{"rendered":"Home"},"content":{"rendered":"\t\t<div data-elementor-type=\"wp-page\" data-elementor-id=\"30\" class=\"elementor elementor-30\">\n\t\t\t\t<div class=\"elementor-element elementor-element-93a966b e-flex e-con-boxed e-con e-parent\" data-id=\"93a966b\" data-element_type=\"container\" data-settings=\"{&quot;background_background&quot;:&quot;classic&quot;}\">\n\t\t\t\t\t<div class=\"e-con-inner\">\n\t\t<div class=\"elementor-element elementor-element-018abcf e-con-full e-flex e-con e-child\" data-id=\"018abcf\" data-element_type=\"container\">\n\t\t\t\t<div class=\"elementor-element elementor-element-280a15b elementor-widget elementor-widget-hfe-infocard\" data-id=\"280a15b\" data-element_type=\"widget\" data-widget_type=\"hfe-infocard.default\">\n\t\t\t\t<div class=\"elementor-widget-container\">\n\t\t\t\t\t\n\t\t<div class=\"hfe-infocard\">\n\t\t\t\t\t\t\t\t\t<div class=\"hfe-infocard-title-wrap\">\n\t\t\t\t<h1 class=\"hfe-infocard-title elementor-inline-editing\" data-elementor-setting-key=\"infocard_title\" data-elementor-inline-editing-toolbar=\"basic\" >Z\u0160 a M\u0160 Pastviny 70, Brno<\/h1>\t\t\t<\/div>\n\t\t\t\t\t\t<div class=\"hfe-infocard-text-wrap\">\n\t\t\t\t<div class=\"hfe-infocard-text elementor-inline-editing\" data-elementor-setting-key=\"infocard_description\" data-elementor-inline-editing-toolbar=\"advanced\">\n\t\t\t\t\t<p>V\u00edtejte na webov\u00fdch str\u00e1nk\u00e1ch Z\u0160 a M\u0160 Pastviny.&nbsp;<\/p>\t\t\t\t<\/div>\n\t\t\t\t\t\t\t<\/div>\n\t\t<\/div>\n\n\t\t\t\t\t\t<\/div>\n\t\t\t\t<\/div>\n\t\t<div class=\"elementor-element elementor-element-4b31cda e-con-full e-flex e-con e-child\" data-id=\"4b31cda\" data-element_type=\"container\">\n\t\t<div class=\"elementor-element elementor-element-ff6a699 e-con-full e-flex e-con e-child\" data-id=\"ff6a699\" data-element_type=\"container\">\n\t\t\t\t<div class=\"elementor-element elementor-element-d5b442c elementor-align-center elementor-mobile-align-center elementor-widget elementor-widget-button\" data-id=\"d5b442c\" data-element_type=\"widget\" data-widget_type=\"button.default\">\n\t\t\t\t\t\t\t\t\t\t<a class=\"elementor-button elementor-button-link elementor-size-lg\" href=\"https:\/\/zspastviny.cz\/web\/novinky\/\">\n\t\t\t\t\t\t<span class=\"elementor-button-content-wrapper\">\n\t\t\t\t\t\t\t\t\t<span class=\"elementor-button-text\">Novinky<\/span>\n\t\t\t\t\t<\/span>\n\t\t\t\t\t<\/a>\n\t\t\t\t\t\t\t\t<\/div>\n\t\t\t\t<\/div>\n\t\t<div class=\"elementor-element elementor-element-1287f27 e-con-full e-flex e-con e-child\" data-id=\"1287f27\" data-element_type=\"container\">\n\t\t\t\t<div class=\"elementor-element elementor-element-fb6dd67 elementor-align-center elementor-mobile-align-center elementor-widget elementor-widget-button\" data-id=\"fb6dd67\" data-element_type=\"widget\" data-widget_type=\"button.default\">\n\t\t\t\t\t\t\t\t\t\t<a class=\"elementor-button elementor-button-link elementor-size-lg\" href=\"#\">\n\t\t\t\t\t\t<span class=\"elementor-button-content-wrapper\">\n\t\t\t\t\t\t\t\t\t<span class=\"elementor-button-text\">O na\u0161\u00ed \u0161kole<\/span>\n\t\t\t\t\t<\/span>\n\t\t\t\t\t<\/a>\n\t\t\t\t\t\t\t\t<\/div>\n\t\t\t\t<\/div>\n\t\t\t\t<\/div>\n\t\t\t\t<\/div>\n\t\t\t\t\t<\/div>\n\t\t\t\t<\/div>\n\t\t<div class=\"elementor-element elementor-element-7ce0046 e-flex e-con-boxed e-con e-parent\" data-id=\"7ce0046\" data-element_type=\"container\" data-settings=\"{&quot;background_background&quot;:&quot;classic&quot;}\">\n\t\t\t\t\t<div class=\"e-con-inner\">\n\t\t<div class=\"elementor-element elementor-element-6eaedaf e-con-full e-flex e-con e-child\" data-id=\"6eaedaf\" data-element_type=\"container\" data-settings=\"{&quot;background_background&quot;:&quot;classic&quot;}\">\n\t\t\t\t<div class=\"elementor-element elementor-element-9160df0 elementor-widget elementor-widget-heading\" data-id=\"9160df0\" data-element_type=\"widget\" data-widget_type=\"heading.default\">\n\t\t\t\t\t<h2 class=\"elementor-heading-title elementor-size-default\"><a href=\"https:\/\/zspastviny.cz\/web\/zakladni-skola\/\">z\u00e1kladn\u00ed \u0161kola<\/a><\/h2>\t\t\t\t<\/div>\n\t\t\t\t<\/div>\n\t\t<div class=\"elementor-element elementor-element-0a492be e-con-full e-flex e-con e-child\" data-id=\"0a492be\" data-element_type=\"container\" data-settings=\"{&quot;background_background&quot;:&quot;classic&quot;}\">\n\t\t\t\t<div class=\"elementor-element elementor-element-4613dbb elementor-widget elementor-widget-heading\" data-id=\"4613dbb\" data-element_type=\"widget\" data-widget_type=\"heading.default\">\n\t\t\t\t\t<h2 class=\"elementor-heading-title elementor-size-default\"><a href=\"https:\/\/zspastviny.cz\/web\/elementor-stranka-1464\/\">Mate\u0159sk\u00e1 \u0161kola<\/a><\/h2>\t\t\t\t<\/div>\n\t\t\t\t<\/div>\n\t\t<div class=\"elementor-element elementor-element-bd9d8f3 e-con-full e-flex e-con e-child\" data-id=\"bd9d8f3\" data-element_type=\"container\" data-settings=\"{&quot;background_background&quot;:&quot;classic&quot;}\">\n\t\t\t\t<div class=\"elementor-element elementor-element-2721707 elementor-widget elementor-widget-heading\" data-id=\"2721707\" data-element_type=\"widget\" data-widget_type=\"heading.default\">\n\t\t\t\t\t<h2 class=\"elementor-heading-title elementor-size-default\"><a href=\"https:\/\/zspastviny.cz\/web\/skolni-druzina\/\">\u0161koln\u00ed dru\u017eina<\/a><\/h2>\t\t\t\t<\/div>\n\t\t\t\t<\/div>\n\t\t\t\t\t<\/div>\n\t\t\t\t<\/div>\n\t\t<div class=\"elementor-element elementor-element-adf2e66 e-flex e-con-boxed e-con e-parent\" data-id=\"adf2e66\" data-element_type=\"container\" data-settings=\"{&quot;background_background&quot;:&quot;classic&quot;}\">\n\t\t\t\t\t<div class=\"e-con-inner\">\n\t\t<div class=\"elementor-element elementor-element-1484cea e-con-full e-flex e-con e-child\" data-id=\"1484cea\" data-element_type=\"container\">\n\t\t\t\t<div class=\"elementor-element elementor-element-dfaa4ac elementor-widget elementor-widget-heading\" data-id=\"dfaa4ac\" data-element_type=\"widget\" data-widget_type=\"heading.default\">\n\t\t\t\t\t<h2 class=\"elementor-heading-title elementor-size-default\">Amazing Things for You<\/h2>\t\t\t\t<\/div>\n\t\t\t\t<\/div>\n\t\t<div class=\"elementor-element elementor-element-9e967ca e-con-full e-flex e-con e-child\" data-id=\"9e967ca\" data-element_type=\"container\">\n\t\t\t\t<div class=\"elementor-element elementor-element-e15f0d4 elementor-widget elementor-widget-text-editor\" data-id=\"e15f0d4\" data-element_type=\"widget\" data-widget_type=\"text-editor.default\">\n\t\t\t\t\t\t\t\t\t<p>Always write benefits over features. Mention all the benefits or services with some real examples. Focus on how you can help and benefit your user. Use simple words so that you don\u2019t confuse people. Say as much in as few words as possible.<\/p>\t\t\t\t\t\t\t\t<\/div>\n\t\t\t\t<div class=\"elementor-element elementor-element-21bca4b elementor-widget elementor-widget-text-editor\" data-id=\"21bca4b\" data-element_type=\"widget\" data-widget_type=\"text-editor.default\">\n\t\t\t\t\t\t\t\t\t<p>Speak directly to users using you not I or we.<\/p>\t\t\t\t\t\t\t\t<\/div>\n\t\t\t\t<div class=\"elementor-element elementor-element-77398d6 elementor-tablet-align-center elementor-widget elementor-widget-button\" data-id=\"77398d6\" data-element_type=\"widget\" data-widget_type=\"button.default\">\n\t\t\t\t\t\t\t\t\t\t<a class=\"elementor-button elementor-button-link elementor-size-sm\" href=\"#\">\n\t\t\t\t\t\t<span class=\"elementor-button-content-wrapper\">\n\t\t\t\t\t\t\t\t\t<span class=\"elementor-button-text\">Our History<\/span>\n\t\t\t\t\t<\/span>\n\t\t\t\t\t<\/a>\n\t\t\t\t\t\t\t\t<\/div>\n\t\t\t\t<\/div>\n\t\t\t\t\t<\/div>\n\t\t\t\t<\/div>\n\t\t<div class=\"elementor-element elementor-element-d970c71 e-flex e-con-boxed e-con e-parent\" data-id=\"d970c71\" data-element_type=\"container\" data-settings=\"{&quot;background_background&quot;:&quot;classic&quot;}\">\n\t\t\t\t\t<div class=\"e-con-inner\">\n\t\t<div class=\"elementor-element elementor-element-a5be9c4 e-con-full e-flex e-con e-child\" data-id=\"a5be9c4\" data-element_type=\"container\">\n\t\t\t\t<div class=\"elementor-element elementor-element-665ab9e elementor-widget elementor-widget-hfe-infocard\" data-id=\"665ab9e\" data-element_type=\"widget\" data-widget_type=\"hfe-infocard.default\">\n\t\t\t\t<div class=\"elementor-widget-container\">\n\t\t\t\t\t\n\t\t<div class=\"hfe-infocard\">\n\t\t\t\t\t\t\t\t\t<div class=\"hfe-infocard-title-wrap\">\n\t\t\t\t<h2 class=\"hfe-infocard-title elementor-inline-editing\" data-elementor-setting-key=\"infocard_title\" data-elementor-inline-editing-toolbar=\"basic\" >Kontaktujte z\u0160<\/h2>\t\t\t<\/div>\n\t\t\t\t\t\t<div class=\"hfe-infocard-text-wrap\">\n\t\t\t\t<div class=\"hfe-infocard-text elementor-inline-editing\" data-elementor-setting-key=\"infocard_description\" data-elementor-inline-editing-toolbar=\"advanced\">\n\t\t\t\t\tV p\u0159\u00edpad\u011b pot\u0159eby pou\u017eijte formul\u00e1\u0159 n\u00ed\u017ee a sd\u011blte n\u00e1m, co v\u00e1s zaj\u00edm\u00e1. R\u00e1di v\u00e1m odpov\u00edme.\t\t\t\t<\/div>\n\t\t\t\t\t\t\t<\/div>\n\t\t<\/div>\n\n\t\t\t\t\t\t<\/div>\n\t\t\t\t<\/div>\n\t\t\t\t<div class=\"elementor-element elementor-element-7698d76 elementor-align-center elementor-widget elementor-widget-button\" data-id=\"7698d76\" data-element_type=\"widget\" data-widget_type=\"button.default\">\n\t\t\t\t\t\t\t\t\t\t<a class=\"elementor-button elementor-button-link elementor-size-lg\" href=\"https:\/\/zspastviny.cz\/web\/contact\/\">\n\t\t\t\t\t\t<span class=\"elementor-button-content-wrapper\">\n\t\t\t\t\t\t\t\t\t<span class=\"elementor-button-text\">Kontakt<\/span>\n\t\t\t\t\t<\/span>\n\t\t\t\t\t<\/a>\n\t\t\t\t\t\t\t\t<\/div>\n\t\t\t\t<\/div>\n\t\t\t\t\t<\/div>\n\t\t\t\t<\/div>\n\t\t<div class=\"elementor-element elementor-element-76e33b2 e-flex e-con-boxed e-con e-parent\" data-id=\"76e33b2\" data-element_type=\"container\" data-settings=\"{&quot;background_background&quot;:&quot;classic&quot;}\">\n\t\t\t\t\t<div class=\"e-con-inner\">\n\t\t<div class=\"elementor-element elementor-element-816824f e-con-full e-flex e-con e-child\" data-id=\"816824f\" data-element_type=\"container\">\n\t\t\t\t<div class=\"elementor-element elementor-element-44ac736 gallery-spacing-custom elementor-widget elementor-widget-image-gallery\" data-id=\"44ac736\" data-element_type=\"widget\" data-settings=\"{&quot;_animation&quot;:&quot;none&quot;}\" data-widget_type=\"image-gallery.default\">\n\t\t\t\t\t\t\t<div class=\"elementor-image-gallery\">\n\t\t\t<div id='gallery-1' class='gallery galleryid-30 gallery-columns-3 gallery-size-medium_large'><figure class='gallery-item'>\n\t\t\t<div class='gallery-icon landscape'>\n\t\t\t\t<a data-elementor-open-lightbox=\"yes\" data-elementor-lightbox-slideshow=\"44ac736\" data-elementor-lightbox-title=\"snowy-mountain-1287145.jpg\" data-e-action-hash=\"#elementor-action%3Aaction%3Dlightbox%26settings%3DeyJpZCI6MTI3NCwidXJsIjoiaHR0cHM6XC9cL3pzcGFzdHZpbnkuY3pcL3dlYlwvd3AtY29udGVudFwvdXBsb2Fkc1wvMjAyNVwvMDZcL3Nub3d5LW1vdW50YWluLTEyODcxNDUuanBnIiwic2xpZGVzaG93IjoiNDRhYzczNiJ9\" href='https:\/\/zspastviny.cz\/web\/wp-content\/uploads\/2025\/06\/snowy-mountain-1287145.jpg'><img fetchpriority=\"high\" decoding=\"async\" width=\"768\" height=\"512\" src=\"https:\/\/zspastviny.cz\/web\/wp-content\/uploads\/2025\/06\/snowy-mountain-1287145-768x512.jpg\" class=\"attachment-medium_large size-medium_large\" alt=\"\" srcset=\"https:\/\/zspastviny.cz\/web\/wp-content\/uploads\/2025\/06\/snowy-mountain-1287145-768x512.jpg 768w, https:\/\/zspastviny.cz\/web\/wp-content\/uploads\/2025\/06\/snowy-mountain-1287145-300x200.jpg 300w, https:\/\/zspastviny.cz\/web\/wp-content\/uploads\/2025\/06\/snowy-mountain-1287145-1024x682.jpg 1024w, https:\/\/zspastviny.cz\/web\/wp-content\/uploads\/2025\/06\/snowy-mountain-1287145.jpg 1280w\" sizes=\"(max-width: 768px) 100vw, 768px\" \/><\/a>\n\t\t\t<\/div><\/figure><figure class='gallery-item'>\n\t\t\t<div class='gallery-icon landscape'>\n\t\t\t\t<a data-elementor-open-lightbox=\"yes\" data-elementor-lightbox-slideshow=\"44ac736\" data-elementor-lightbox-title=\"green-leafed-trees-during-fog-time-167684.jpg\" data-e-action-hash=\"#elementor-action%3Aaction%3Dlightbox%26settings%3DeyJpZCI6MTI3MywidXJsIjoiaHR0cHM6XC9cL3pzcGFzdHZpbnkuY3pcL3dlYlwvd3AtY29udGVudFwvdXBsb2Fkc1wvMjAyNVwvMDZcL2dyZWVuLWxlYWZlZC10cmVlcy1kdXJpbmctZm9nLXRpbWUtMTY3Njg0LmpwZyIsInNsaWRlc2hvdyI6IjQ0YWM3MzYifQ%3D%3D\" href='https:\/\/zspastviny.cz\/web\/wp-content\/uploads\/2025\/06\/green-leafed-trees-during-fog-time-167684.jpg'><img decoding=\"async\" width=\"768\" height=\"512\" src=\"https:\/\/zspastviny.cz\/web\/wp-content\/uploads\/2025\/06\/green-leafed-trees-during-fog-time-167684-768x512.jpg\" class=\"attachment-medium_large size-medium_large\" alt=\"\" srcset=\"https:\/\/zspastviny.cz\/web\/wp-content\/uploads\/2025\/06\/green-leafed-trees-during-fog-time-167684-768x512.jpg 768w, https:\/\/zspastviny.cz\/web\/wp-content\/uploads\/2025\/06\/green-leafed-trees-during-fog-time-167684-300x200.jpg 300w, https:\/\/zspastviny.cz\/web\/wp-content\/uploads\/2025\/06\/green-leafed-trees-during-fog-time-167684-1024x682.jpg 1024w, https:\/\/zspastviny.cz\/web\/wp-content\/uploads\/2025\/06\/green-leafed-trees-during-fog-time-167684.jpg 1280w\" sizes=\"(max-width: 768px) 100vw, 768px\" \/><\/a>\n\t\t\t<\/div><\/figure><figure class='gallery-item'>\n\t\t\t<div class='gallery-icon landscape'>\n\t\t\t\t<a data-elementor-open-lightbox=\"yes\" data-elementor-lightbox-slideshow=\"44ac736\" data-elementor-lightbox-title=\"green-grass-field-and-mountain-1034887.jpg\" data-e-action-hash=\"#elementor-action%3Aaction%3Dlightbox%26settings%3DeyJpZCI6MTI3NywidXJsIjoiaHR0cHM6XC9cL3pzcGFzdHZpbnkuY3pcL3dlYlwvd3AtY29udGVudFwvdXBsb2Fkc1wvMjAyNVwvMDZcL2dyZWVuLWdyYXNzLWZpZWxkLWFuZC1tb3VudGFpbi0xMDM0ODg3LmpwZyIsInNsaWRlc2hvdyI6IjQ0YWM3MzYifQ%3D%3D\" href='https:\/\/zspastviny.cz\/web\/wp-content\/uploads\/2025\/06\/green-grass-field-and-mountain-1034887.jpg'><img decoding=\"async\" width=\"768\" height=\"508\" src=\"https:\/\/zspastviny.cz\/web\/wp-content\/uploads\/2025\/06\/green-grass-field-and-mountain-1034887-768x508.jpg\" class=\"attachment-medium_large size-medium_large\" alt=\"\" srcset=\"https:\/\/zspastviny.cz\/web\/wp-content\/uploads\/2025\/06\/green-grass-field-and-mountain-1034887-768x508.jpg 768w, https:\/\/zspastviny.cz\/web\/wp-content\/uploads\/2025\/06\/green-grass-field-and-mountain-1034887-300x199.jpg 300w, https:\/\/zspastviny.cz\/web\/wp-content\/uploads\/2025\/06\/green-grass-field-and-mountain-1034887-1024x678.jpg 1024w, https:\/\/zspastviny.cz\/web\/wp-content\/uploads\/2025\/06\/green-grass-field-and-mountain-1034887.jpg 1280w\" sizes=\"(max-width: 768px) 100vw, 768px\" \/><\/a>\n\t\t\t<\/div><\/figure><figure class='gallery-item'>\n\t\t\t<div class='gallery-icon landscape'>\n\t\t\t\t<a data-elementor-open-lightbox=\"yes\" data-elementor-lightbox-slideshow=\"44ac736\" data-elementor-lightbox-title=\"bird-s-eye-view-photography-of-green-forest-1208379.jpg\" data-e-action-hash=\"#elementor-action%3Aaction%3Dlightbox%26settings%3DeyJpZCI6MTI3OCwidXJsIjoiaHR0cHM6XC9cL3pzcGFzdHZpbnkuY3pcL3dlYlwvd3AtY29udGVudFwvdXBsb2Fkc1wvMjAyNVwvMDZcL2JpcmQtcy1leWUtdmlldy1waG90b2dyYXBoeS1vZi1ncmVlbi1mb3Jlc3QtMTIwODM3OS5qcGciLCJzbGlkZXNob3ciOiI0NGFjNzM2In0%3D\" href='https:\/\/zspastviny.cz\/web\/wp-content\/uploads\/2025\/06\/bird-s-eye-view-photography-of-green-forest-1208379.jpg'><img loading=\"lazy\" decoding=\"async\" width=\"768\" height=\"512\" src=\"https:\/\/zspastviny.cz\/web\/wp-content\/uploads\/2025\/06\/bird-s-eye-view-photography-of-green-forest-1208379-768x512.jpg\" class=\"attachment-medium_large size-medium_large\" alt=\"\" srcset=\"https:\/\/zspastviny.cz\/web\/wp-content\/uploads\/2025\/06\/bird-s-eye-view-photography-of-green-forest-1208379-768x512.jpg 768w, https:\/\/zspastviny.cz\/web\/wp-content\/uploads\/2025\/06\/bird-s-eye-view-photography-of-green-forest-1208379-300x200.jpg 300w, https:\/\/zspastviny.cz\/web\/wp-content\/uploads\/2025\/06\/bird-s-eye-view-photography-of-green-forest-1208379-1024x682.jpg 1024w, https:\/\/zspastviny.cz\/web\/wp-content\/uploads\/2025\/06\/bird-s-eye-view-photography-of-green-forest-1208379.jpg 1280w\" sizes=\"(max-width: 768px) 100vw, 768px\" \/><\/a>\n\t\t\t<\/div><\/figure><figure class='gallery-item'>\n\t\t\t<div class='gallery-icon landscape'>\n\t\t\t\t<a data-elementor-open-lightbox=\"yes\" data-elementor-lightbox-slideshow=\"44ac736\" data-elementor-lightbox-title=\"photo-of-people-standing-on-top-of-mountain-near-grasses-733162.jpg\" data-e-action-hash=\"#elementor-action%3Aaction%3Dlightbox%26settings%3DeyJpZCI6MTI3NSwidXJsIjoiaHR0cHM6XC9cL3pzcGFzdHZpbnkuY3pcL3dlYlwvd3AtY29udGVudFwvdXBsb2Fkc1wvMjAyNVwvMDZcL3Bob3RvLW9mLXBlb3BsZS1zdGFuZGluZy1vbi10b3Atb2YtbW91bnRhaW4tbmVhci1ncmFzc2VzLTczMzE2Mi5qcGciLCJzbGlkZXNob3ciOiI0NGFjNzM2In0%3D\" href='https:\/\/zspastviny.cz\/web\/wp-content\/uploads\/2025\/06\/photo-of-people-standing-on-top-of-mountain-near-grasses-733162.jpg'><img loading=\"lazy\" decoding=\"async\" width=\"768\" height=\"512\" src=\"https:\/\/zspastviny.cz\/web\/wp-content\/uploads\/2025\/06\/photo-of-people-standing-on-top-of-mountain-near-grasses-733162-768x512.jpg\" class=\"attachment-medium_large size-medium_large\" alt=\"\" srcset=\"https:\/\/zspastviny.cz\/web\/wp-content\/uploads\/2025\/06\/photo-of-people-standing-on-top-of-mountain-near-grasses-733162-768x512.jpg 768w, https:\/\/zspastviny.cz\/web\/wp-content\/uploads\/2025\/06\/photo-of-people-standing-on-top-of-mountain-near-grasses-733162-300x200.jpg 300w, https:\/\/zspastviny.cz\/web\/wp-content\/uploads\/2025\/06\/photo-of-people-standing-on-top-of-mountain-near-grasses-733162-1024x682.jpg 1024w, https:\/\/zspastviny.cz\/web\/wp-content\/uploads\/2025\/06\/photo-of-people-standing-on-top-of-mountain-near-grasses-733162.jpg 1280w\" sizes=\"(max-width: 768px) 100vw, 768px\" \/><\/a>\n\t\t\t<\/div><\/figure><figure class='gallery-item'>\n\t\t\t<div class='gallery-icon landscape'>\n\t\t\t\t<a data-elementor-open-lightbox=\"yes\" data-elementor-lightbox-slideshow=\"44ac736\" data-elementor-lightbox-title=\"mountain-and-lake-at-sunset-135157.jpg\" data-e-action-hash=\"#elementor-action%3Aaction%3Dlightbox%26settings%3DeyJpZCI6MTI3OSwidXJsIjoiaHR0cHM6XC9cL3pzcGFzdHZpbnkuY3pcL3dlYlwvd3AtY29udGVudFwvdXBsb2Fkc1wvMjAyNVwvMDZcL21vdW50YWluLWFuZC1sYWtlLWF0LXN1bnNldC0xMzUxNTcuanBnIiwic2xpZGVzaG93IjoiNDRhYzczNiJ9\" href='https:\/\/zspastviny.cz\/web\/wp-content\/uploads\/2025\/06\/mountain-and-lake-at-sunset-135157.jpg'><img loading=\"lazy\" decoding=\"async\" width=\"768\" height=\"512\" src=\"https:\/\/zspastviny.cz\/web\/wp-content\/uploads\/2025\/06\/mountain-and-lake-at-sunset-135157-768x512.jpg\" class=\"attachment-medium_large size-medium_large\" alt=\"\" srcset=\"https:\/\/zspastviny.cz\/web\/wp-content\/uploads\/2025\/06\/mountain-and-lake-at-sunset-135157-768x512.jpg 768w, https:\/\/zspastviny.cz\/web\/wp-content\/uploads\/2025\/06\/mountain-and-lake-at-sunset-135157-300x200.jpg 300w, https:\/\/zspastviny.cz\/web\/wp-content\/uploads\/2025\/06\/mountain-and-lake-at-sunset-135157-1024x682.jpg 1024w, https:\/\/zspastviny.cz\/web\/wp-content\/uploads\/2025\/06\/mountain-and-lake-at-sunset-135157.jpg 1280w\" sizes=\"(max-width: 768px) 100vw, 768px\" \/><\/a>\n\t\t\t<\/div><\/figure><figure class='gallery-item'>\n\t\t\t<div class='gallery-icon landscape'>\n\t\t\t\t<a data-elementor-open-lightbox=\"yes\" data-elementor-lightbox-slideshow=\"44ac736\" data-elementor-lightbox-title=\"slide3\" data-e-action-hash=\"#elementor-action%3Aaction%3Dlightbox%26settings%3DeyJpZCI6MTM0NSwidXJsIjoiaHR0cHM6XC9cL3pzcGFzdHZpbnkuY3pcL3dlYlwvd3AtY29udGVudFwvdXBsb2Fkc1wvMjAyNVwvMDdcL3NsaWRlMy5qcGciLCJzbGlkZXNob3ciOiI0NGFjNzM2In0%3D\" href='https:\/\/zspastviny.cz\/web\/wp-content\/uploads\/2025\/07\/slide3.jpg'><img loading=\"lazy\" decoding=\"async\" width=\"768\" height=\"485\" src=\"https:\/\/zspastviny.cz\/web\/wp-content\/uploads\/2025\/07\/slide3-768x485.jpg\" class=\"attachment-medium_large size-medium_large\" alt=\"\" srcset=\"https:\/\/zspastviny.cz\/web\/wp-content\/uploads\/2025\/07\/slide3-768x485.jpg 768w, https:\/\/zspastviny.cz\/web\/wp-content\/uploads\/2025\/07\/slide3-300x190.jpg 300w, https:\/\/zspastviny.cz\/web\/wp-content\/uploads\/2025\/07\/slide3-1024x647.jpg 1024w, https:\/\/zspastviny.cz\/web\/wp-content\/uploads\/2025\/07\/slide3-1536x970.jpg 1536w, https:\/\/zspastviny.cz\/web\/wp-content\/uploads\/2025\/07\/slide3.jpg 1871w\" sizes=\"(max-width: 768px) 100vw, 768px\" \/><\/a>\n\t\t\t<\/div><\/figure><figure class='gallery-item'>\n\t\t\t<div class='gallery-icon landscape'>\n\t\t\t\t<a data-elementor-open-lightbox=\"yes\" data-elementor-lightbox-slideshow=\"44ac736\" data-elementor-lightbox-title=\"slide1\" data-e-action-hash=\"#elementor-action%3Aaction%3Dlightbox%26settings%3DeyJpZCI6MTM1MywidXJsIjoiaHR0cHM6XC9cL3pzcGFzdHZpbnkuY3pcL3dlYlwvd3AtY29udGVudFwvdXBsb2Fkc1wvMjAyNVwvMDdcL3NsaWRlMS5qcGciLCJzbGlkZXNob3ciOiI0NGFjNzM2In0%3D\" href='https:\/\/zspastviny.cz\/web\/wp-content\/uploads\/2025\/07\/slide1.jpg'><img loading=\"lazy\" decoding=\"async\" width=\"768\" height=\"485\" src=\"https:\/\/zspastviny.cz\/web\/wp-content\/uploads\/2025\/07\/slide1-768x485.jpg\" class=\"attachment-medium_large size-medium_large\" alt=\"\" srcset=\"https:\/\/zspastviny.cz\/web\/wp-content\/uploads\/2025\/07\/slide1-768x485.jpg 768w, https:\/\/zspastviny.cz\/web\/wp-content\/uploads\/2025\/07\/slide1-300x190.jpg 300w, https:\/\/zspastviny.cz\/web\/wp-content\/uploads\/2025\/07\/slide1-1024x647.jpg 1024w, https:\/\/zspastviny.cz\/web\/wp-content\/uploads\/2025\/07\/slide1-1536x970.jpg 1536w, https:\/\/zspastviny.cz\/web\/wp-content\/uploads\/2025\/07\/slide1.jpg 1871w\" sizes=\"(max-width: 768px) 100vw, 768px\" \/><\/a>\n\t\t\t<\/div><\/figure><figure class='gallery-item'>\n\t\t\t<div class='gallery-icon landscape'>\n\t\t\t\t<a data-elementor-open-lightbox=\"yes\" data-elementor-lightbox-slideshow=\"44ac736\" data-elementor-lightbox-title=\"slide2\" data-e-action-hash=\"#elementor-action%3Aaction%3Dlightbox%26settings%3DeyJpZCI6MTM1NCwidXJsIjoiaHR0cHM6XC9cL3pzcGFzdHZpbnkuY3pcL3dlYlwvd3AtY29udGVudFwvdXBsb2Fkc1wvMjAyNVwvMDdcL3NsaWRlMi5qcGciLCJzbGlkZXNob3ciOiI0NGFjNzM2In0%3D\" href='https:\/\/zspastviny.cz\/web\/wp-content\/uploads\/2025\/07\/slide2.jpg'><img loading=\"lazy\" decoding=\"async\" width=\"768\" height=\"485\" src=\"https:\/\/zspastviny.cz\/web\/wp-content\/uploads\/2025\/07\/slide2-768x485.jpg\" class=\"attachment-medium_large size-medium_large\" alt=\"\" srcset=\"https:\/\/zspastviny.cz\/web\/wp-content\/uploads\/2025\/07\/slide2-768x485.jpg 768w, https:\/\/zspastviny.cz\/web\/wp-content\/uploads\/2025\/07\/slide2-300x190.jpg 300w, https:\/\/zspastviny.cz\/web\/wp-content\/uploads\/2025\/07\/slide2-1024x647.jpg 1024w, https:\/\/zspastviny.cz\/web\/wp-content\/uploads\/2025\/07\/slide2-1536x970.jpg 1536w, https:\/\/zspastviny.cz\/web\/wp-content\/uploads\/2025\/07\/slide2.jpg 1871w\" sizes=\"(max-width: 768px) 100vw, 768px\" \/><\/a>\n\t\t\t<\/div><\/figure>\n\t\t<\/div>\n\t\t<\/div>\n\t\t\t\t\t\t<\/div>\n\t\t\t\t<\/div>\n\t\t\t\t\t<\/div>\n\t\t\t\t<\/div>\n\t\t\t\t<\/div>\n\t\t","protected":false},"excerpt":{"rendered":"<p>Z\u0160 a M\u0160 Pastviny 70, Brno V\u00edtejte na webov\u00fdch str\u00e1nk\u00e1ch Z\u0160 a M\u0160 Pastviny.&nbsp; Novinky O na\u0161\u00ed \u0161kole z\u00e1kladn\u00ed \u0161kola Mate\u0159sk\u00e1 \u0161kola \u0161koln\u00ed dru\u017eina Amazing Things for You Always write benefits over features. Mention all the benefits or services with some real examples. Focus on how you can help and benefit your user. Use simple [&hellip;]<\/p>\n","protected":false},"author":1,"featured_media":1304,"parent":0,"menu_order":0,"comment_status":"closed","ping_status":"closed","template":"","meta":{"site-sidebar-layout":"no-sidebar","site-content-layout":"page-builder","ast-site-content-layout":"default","site-content-style":"default","site-sidebar-style":"default","ast-global-header-display":"","ast-banner-title-visibility":"","ast-main-header-display":"","ast-hfb-above-header-display":"","ast-hfb-below-header-display":"","ast-hfb-mobile-header-display":"","site-post-title":"disabled","ast-breadcrumbs-content":"","ast-featured-img":"","footer-sml-layout":"","theme-transparent-header-meta":"enabled","adv-header-id-meta":"","stick-header-meta":"","header-above-stick-meta":"","header-main-stick-meta":"","header-below-stick-meta":"","astra-migrate-meta-layouts":"default","ast-page-background-enabled":"default","ast-page-background-meta":{"desktop":{"background-color":"","background-image":"","background-repeat":"repeat","background-position":"center center","background-size":"auto","background-attachment":"scroll","background-type":"","background-media":"","overlay-type":"","overlay-color":"","overlay-opacity":"","overlay-gradient":""},"tablet":{"background-color":"","background-image":"","background-repeat":"repeat","background-position":"center center","background-size":"auto","background-attachment":"scroll","background-type":"","background-media":"","overlay-type":"","overlay-color":"","overlay-opacity":"","overlay-gradient":""},"mobile":{"background-color":"","background-image":"","background-repeat":"repeat","background-position":"center center","background-size":"auto","background-attachment":"scroll","background-type":"","background-media":"","overlay-type":"","overlay-color":"","overlay-opacity":"","overlay-gradient":""}},"ast-content-background-meta":{"desktop":{"background-color":"var(--ast-global-color-5)","background-image":"","background-repeat":"repeat","background-position":"center center","background-size":"auto","background-attachment":"scroll","background-type":"","background-media":"","overlay-type":"","overlay-color":"","overlay-opacity":"","overlay-gradient":""},"tablet":{"background-color":"var(--ast-global-color-5)","background-image":"","background-repeat":"repeat","background-position":"center center","background-size":"auto","background-attachment":"scroll","background-type":"","background-media":"","overlay-type":"","overlay-color":"","overlay-opacity":"","overlay-gradient":""},"mobile":{"background-color":"var(--ast-global-color-5)","background-image":"","background-repeat":"repeat","background-position":"center center","background-size":"auto","background-attachment":"scroll","background-type":"","background-media":"","overlay-type":"","overlay-color":"","overlay-opacity":"","overlay-gradient":""}},"footnotes":""},"class_list":["post-30","page","type-page","status-publish","has-post-thumbnail","hentry"],"_links":{"self":[{"href":"https:\/\/zspastviny.cz\/web\/wp-json\/wp\/v2\/pages\/30","targetHints":{"allow":["GET"]}}],"collection":[{"href":"https:\/\/zspastviny.cz\/web\/wp-json\/wp\/v2\/pages"}],"about":[{"href":"https:\/\/zspastviny.cz\/web\/wp-json\/wp\/v2\/types\/page"}],"author":[{"embeddable":true,"href":"https:\/\/zspastviny.cz\/web\/wp-json\/wp\/v2\/users\/1"}],"replies":[{"embeddable":true,"href":"https:\/\/zspastviny.cz\/web\/wp-json\/wp\/v2\/comments?post=30"}],"version-history":[{"count":69,"href":"https:\/\/zspastviny.cz\/web\/wp-json\/wp\/v2\/pages\/30\/revisions"}],"predecessor-version":[{"id":1570,"href":"https:\/\/zspastviny.cz\/web\/wp-json\/wp\/v2\/pages\/30\/revisions\/1570"}],"wp:featuredmedia":[{"embeddable":true,"href":"https:\/\/zspastviny.cz\/web\/wp-json\/wp\/v2\/media\/1304"}],"wp:attachment":[{"href":"https:\/\/zspastviny.cz\/web\/wp-json\/wp\/v2\/media?parent=30"}],"curies":[{"name":"wp","href":"https:\/\/api.w.org\/{rel}","templated":true}]}}